{"id":9,"date":"2019-07-29T06:20:43","date_gmt":"2019-07-29T04:20:43","guid":{"rendered":"https:\/\/demo.themeisle.com\/neve-rokophoto\/?page_id=9"},"modified":"2025-05-05T15:33:01","modified_gmt":"2025-05-05T13:33:01","slug":"home","status":"publish","type":"page","link":"https:\/\/koenwilgehof.nl\/de\/","title":{"rendered":"Startseite"},"content":{"rendered":"\t\t<div data-elementor-type=\"wp-post\" data-elementor-id=\"9\" class=\"elementor elementor-9\" data-elementor-post-type=\"page\">\n\t\t\t\t<div class=\"elementor-element elementor-element-a07ae17 e-con-full e-flex e-con e-parent\" data-id=\"a07ae17\" data-element_type=\"container\" data-e-type=\"container\" data-settings=\"{&quot;background_background&quot;:&quot;slideshow&quot;,&quot;background_slideshow_slide_duration&quot;:3000,&quot;background_slideshow_transition_duration&quot;:1500,&quot;background_slideshow_gallery&quot;:[{&quot;id&quot;:3240,&quot;url&quot;:&quot;https:\\\/\\\/koenwilgehof.nl\\\/wp-content\\\/uploads\\\/2024\\\/10\\\/KoenWilgehof-9.webp&quot;},{&quot;id&quot;:3196,&quot;url&quot;:&quot;https:\\\/\\\/koenwilgehof.nl\\\/wp-content\\\/uploads\\\/2024\\\/10\\\/KoenWilgehof-7.webp&quot;},{&quot;id&quot;:3239,&quot;url&quot;:&quot;https:\\\/\\\/koenwilgehof.nl\\\/wp-content\\\/uploads\\\/2024\\\/10\\\/KoenWilgehof-8.webp&quot;},{&quot;id&quot;:3171,&quot;url&quot;:&quot;https:\\\/\\\/koenwilgehof.nl\\\/wp-content\\\/uploads\\\/2024\\\/10\\\/KoenWilgehof-1.webp&quot;}],&quot;background_slideshow_lazyload&quot;:&quot;yes&quot;,&quot;background_slideshow_loop&quot;:&quot;yes&quot;,&quot;background_slideshow_slide_transition&quot;:&quot;fade&quot;}\">\n\t\t\t\t<div class=\"elementor-element elementor-element-7e80e2b elementor-view-default elementor-widget elementor-widget-icon\" data-id=\"7e80e2b\" data-element_type=\"widget\" data-e-type=\"widget\" data-widget_type=\"icon.default\">\n\t\t\t\t<div class=\"elementor-widget-container\">\n\t\t\t\t\t\t\t<div class=\"elementor-icon-wrapper\">\n\t\t\t<a class=\"elementor-icon\" href=\"#elementor-action%3Aaction%3Doff_canvas%3Aopen%26settings%3DeyJpZCI6IjNlOTRiMjAiLCJkaXNwbGF5TW9kZSI6Im9wZW4ifQ%3D%3D\">\n\t\t\t<i aria-hidden=\"true\" class=\"fas fa-bars\"><\/i>\t\t\t<\/a>\n\t\t<\/div>\n\t\t\t\t\t\t<\/div>\n\t\t\t\t<\/div>\n\t\t\t\t<div class=\"elementor-element elementor-element-3e94b20 elementor-widget elementor-widget-off-canvas\" data-id=\"3e94b20\" data-element_type=\"widget\" data-e-type=\"widget\" data-settings=\"{&quot;entrance_animation&quot;:&quot;slideInLeft&quot;,&quot;exit_animation&quot;:&quot;slideInLeft&quot;}\" data-widget_type=\"off-canvas.default\">\n\t\t\t\t<div class=\"elementor-widget-container\">\n\t\t\t\t\t\t\t<div id=\"off-canvas-3e94b20\" class=\"e-off-canvas\" role=\"dialog\" aria-hidden=\"true\" aria-label=\"Off-canvas\" aria-modal=\"true\" inert=\"\" data-delay-child-handlers=\"true\">\n\t\t\t<div class=\"e-off-canvas__overlay\"><\/div>\n\t\t\t<div class=\"e-off-canvas__main\">\n\t\t\t\t<div class=\"e-off-canvas__content\">\n\t\t\t\t\t<div class=\"elementor-element elementor-element-acfcd10 e-con-full e-flex e-con e-child\" data-id=\"acfcd10\" data-element_type=\"container\" data-e-type=\"container\">\n\t\t<div class=\"elementor-element elementor-element-70af376 e-flex e-con-boxed e-con e-child\" data-id=\"70af376\" data-element_type=\"container\" data-e-type=\"container\">\n\t\t\t\t\t<div class=\"e-con-inner\">\n\t\t\t\t<div class=\"elementor-element elementor-element-88d19dd elementor-view-default elementor-widget elementor-widget-icon\" data-id=\"88d19dd\" data-element_type=\"widget\" data-e-type=\"widget\" data-widget_type=\"icon.default\">\n\t\t\t\t<div class=\"elementor-widget-container\">\n\t\t\t\t\t\t\t<div class=\"elementor-icon-wrapper\">\n\t\t\t<a class=\"elementor-icon\" href=\"#elementor-action%3Aaction%3Doff_canvas%3Aclose%26settings%3DeyJpZCI6IjNlOTRiMjAiLCJkaXNwbGF5TW9kZSI6ImNsb3NlIn0%3D\">\n\t\t\t<i aria-hidden=\"true\" class=\"fas fa-undo\"><\/i>\t\t\t<\/a>\n\t\t<\/div>\n\t\t\t\t\t\t<\/div>\n\t\t\t\t<\/div>\n\t\t\t\t<div class=\"elementor-element elementor-element-dc28df9 elementor-nav-menu--dropdown-none elementor-widget elementor-widget-nav-menu\" data-id=\"dc28df9\" data-element_type=\"widget\" data-e-type=\"widget\" data-settings=\"{&quot;layout&quot;:&quot;vertical&quot;,&quot;submenu_icon&quot;:{&quot;value&quot;:&quot;&lt;i class=\\&quot;fas fa-caret-down\\&quot; aria-hidden=\\&quot;true\\&quot;&gt;&lt;\\\/i&gt;&quot;,&quot;library&quot;:&quot;fa-solid&quot;}}\" data-widget_type=\"nav-menu.default\">\n\t\t\t\t<div class=\"elementor-widget-container\">\n\t\t\t\t\t\t\t\t<nav aria-label=\"Menu\" class=\"elementor-nav-menu--main elementor-nav-menu__container elementor-nav-menu--layout-vertical e--pointer-none\">\n\t\t\t\t<ul id=\"menu-1-dc28df9\" class=\"elementor-nav-menu sm-vertical\"><li class=\"menu-item menu-item-type-post_type menu-item-object-page menu-item-home menu-item-586\"><a href=\"https:\/\/koenwilgehof.nl\/de\/\" class=\"elementor-item\">home<\/a><\/li>\n<li class=\"menu-item menu-item-type-post_type menu-item-object-page menu-item-3464\"><a href=\"https:\/\/koenwilgehof.nl\/de\/over\/\" class=\"elementor-item\">over<\/a><\/li>\n<li class=\"menu-item menu-item-type-post_type menu-item-object-page menu-item-89\"><a href=\"https:\/\/koenwilgehof.nl\/de\/schilderijen\/\" class=\"elementor-item\">schilderijen<\/a><\/li>\n<li class=\"menu-item menu-item-type-post_type menu-item-object-page menu-item-1800\"><a href=\"https:\/\/koenwilgehof.nl\/de\/grafisch\/\" class=\"elementor-item\">grafisch<\/a><\/li>\n<li class=\"menu-item menu-item-type-post_type menu-item-object-page menu-item-2384\"><a href=\"https:\/\/koenwilgehof.nl\/de\/fotografie\/\" class=\"elementor-item\">fotografie<\/a><\/li>\n<li class=\"menu-item menu-item-type-post_type menu-item-object-page menu-item-2389\"><a href=\"https:\/\/koenwilgehof.nl\/de\/projecten\/\" class=\"elementor-item\">projecten en meer<\/a><\/li>\n<li class=\"menu-item menu-item-type-post_type menu-item-object-page menu-item-2424\"><a href=\"https:\/\/koenwilgehof.nl\/de\/namen-noemen\/\" class=\"elementor-item\">namen noemen<\/a><\/li>\n<li class=\"menu-item menu-item-type-custom menu-item-object-custom menu-item-1145\"><a href=\"https:\/\/koenwilgehof.nl\/over\/#expo\" class=\"elementor-item elementor-item-anchor\">exposities<\/a><\/li>\n<li class=\"menu-item menu-item-type-post_type menu-item-object-page menu-item-3542\"><a href=\"https:\/\/koenwilgehof.nl\/de\/contact\/\" class=\"elementor-item\">contact<\/a><\/li>\n<\/ul>\t\t\t<\/nav>\n\t\t\t\t\t\t<nav class=\"elementor-nav-menu--dropdown elementor-nav-menu__container\" aria-hidden=\"true\">\n\t\t\t\t<ul id=\"menu-2-dc28df9\" class=\"elementor-nav-menu sm-vertical\"><li class=\"menu-item menu-item-type-post_type menu-item-object-page menu-item-home menu-item-586\"><a href=\"https:\/\/koenwilgehof.nl\/de\/\" class=\"elementor-item\" tabindex=\"-1\">home<\/a><\/li>\n<li class=\"menu-item menu-item-type-post_type menu-item-object-page menu-item-3464\"><a href=\"https:\/\/koenwilgehof.nl\/de\/over\/\" class=\"elementor-item\" tabindex=\"-1\">over<\/a><\/li>\n<li class=\"menu-item menu-item-type-post_type menu-item-object-page menu-item-89\"><a href=\"https:\/\/koenwilgehof.nl\/de\/schilderijen\/\" class=\"elementor-item\" tabindex=\"-1\">schilderijen<\/a><\/li>\n<li class=\"menu-item menu-item-type-post_type menu-item-object-page menu-item-1800\"><a href=\"https:\/\/koenwilgehof.nl\/de\/grafisch\/\" class=\"elementor-item\" tabindex=\"-1\">grafisch<\/a><\/li>\n<li class=\"menu-item menu-item-type-post_type menu-item-object-page menu-item-2384\"><a href=\"https:\/\/koenwilgehof.nl\/de\/fotografie\/\" class=\"elementor-item\" tabindex=\"-1\">fotografie<\/a><\/li>\n<li class=\"menu-item menu-item-type-post_type menu-item-object-page menu-item-2389\"><a href=\"https:\/\/koenwilgehof.nl\/de\/projecten\/\" class=\"elementor-item\" tabindex=\"-1\">projecten en meer<\/a><\/li>\n<li class=\"menu-item menu-item-type-post_type menu-item-object-page menu-item-2424\"><a href=\"https:\/\/koenwilgehof.nl\/de\/namen-noemen\/\" class=\"elementor-item\" tabindex=\"-1\">namen noemen<\/a><\/li>\n<li class=\"menu-item menu-item-type-custom menu-item-object-custom menu-item-1145\"><a href=\"https:\/\/koenwilgehof.nl\/over\/#expo\" class=\"elementor-item elementor-item-anchor\" tabindex=\"-1\">exposities<\/a><\/li>\n<li class=\"menu-item menu-item-type-post_type menu-item-object-page menu-item-3542\"><a href=\"https:\/\/koenwilgehof.nl\/de\/contact\/\" class=\"elementor-item\" tabindex=\"-1\">contact<\/a><\/li>\n<\/ul>\t\t\t<\/nav>\n\t\t\t\t\t\t<\/div>\n\t\t\t\t<\/div>\n\t\t\t\t\t<\/div>\n\t\t\t\t<\/div>\n\t\t\t\t<\/div>\n\t\t\t\t\t\t<\/div>\n\t\t\t<\/div>\n\t\t<\/div>\n\t\t\t\t\t\t<\/div>\n\t\t\t\t<\/div>\n\t\t\t\t<div class=\"elementor-element elementor-element-92fffc0 elementor-widget elementor-widget-image\" data-id=\"92fffc0\" data-element_type=\"widget\" data-e-type=\"widget\" data-widget_type=\"image.default\">\n\t\t\t\t<div class=\"elementor-widget-container\">\n\t\t\t\t\t\t\t\t\t\t\t\t\t\t\t\t<a href=\"https:\/\/koenwilgehof.nl\/de\">\n\t\t\t\t\t\t\t<img fetchpriority=\"high\" decoding=\"async\" width=\"163\" height=\"2560\" src=\"https:\/\/koenwilgehof.nl\/wp-content\/uploads\/2024\/10\/koen-logo-lang-1-03.webp\" class=\"attachment-full size-full wp-image-3299\" alt=\"logo\" \/>\t\t\t\t\t\t\t\t<\/a>\n\t\t\t\t\t\t\t\t\t\t\t\t\t\t\t<\/div>\n\t\t\t\t<\/div>\n\t\t\t\t<\/div>\n\t\t\t\t<\/div>\n\t\t","protected":false},"excerpt":{"rendered":"<p>home \u00fcber malerei grafik fotografie projekte und mehr video namen ausstellungen kontakt home \u00fcber malerei grafik fotografie projekte und mehr video namen ausstellungen kontakt<\/p>","protected":false},"author":1,"featured_media":2133,"parent":0,"menu_order":1,"comment_status":"closed","ping_status":"closed","template":"elementor_canvas","meta":{"footnotes":""},"class_list":["post-9","page","type-page","status-publish","has-post-thumbnail","hentry"],"yoast_head":"<!-- This site is optimized with the Yoast SEO plugin v27.4 - https:\/\/yoast.com\/product\/yoast-seo-wordpress\/ -->\n<title>home<\/title>\n<meta name=\"description\" content=\"Koen Wilgehof-Sodaar is een kunstenaar uit Nederland wiens werk is opgenomen in zowel bedrijfs- als particuliere collecties en door een breed publiek met enthousiasme wordt ontvangen.\" \/>\n<meta name=\"robots\" content=\"index, follow, max-snippet:-1, max-image-preview:large, max-video-preview:-1\" \/>\n<link rel=\"canonical\" href=\"https:\/\/koenwilgehof.nl\/de\/\" \/>\n<meta property=\"og:locale\" content=\"de_DE\" \/>\n<meta property=\"og:type\" content=\"article\" \/>\n<meta property=\"og:title\" content=\"Koen Wilgehof-Sodaar\" \/>\n<meta property=\"og:description\" content=\"Koen Wilgehof-Sodaar is een kunstenaar uit Nederland wiens werk is opgenomen in zowel bedrijfs- als particuliere collecties en door een breed publiek met enthousiasme wordt ontvangen.\" \/>\n<meta property=\"og:url\" content=\"https:\/\/koenwilgehof.nl\/de\/\" \/>\n<meta property=\"og:site_name\" content=\"Koen Wilgehof-Sodaar\" \/>\n<meta property=\"article:publisher\" content=\"https:\/\/www.facebook.com\/koenwilgehofart\" \/>\n<meta property=\"article:modified_time\" content=\"2025-05-05T13:33:01+00:00\" \/>\n<meta property=\"og:image\" content=\"https:\/\/koenwilgehof.nl\/wp-content\/uploads\/2023\/06\/c7c1bdad-b437-45ea-88e3-707488edaaca.webp\" \/>\n\t<meta property=\"og:image:width\" content=\"1600\" \/>\n\t<meta property=\"og:image:height\" content=\"1066\" \/>\n\t<meta property=\"og:image:type\" content=\"image\/webp\" \/>\n<meta name=\"twitter:card\" content=\"summary_large_image\" \/>\n<meta name=\"twitter:title\" content=\"Koen Wilgehof-Sodaar\" \/>\n<meta name=\"twitter:description\" content=\"Koen Wilgehof-Sodaar is een kunstenaar uit Nederland wiens werk is opgenomen in zowel bedrijfs- als particuliere collecties en door een breed publiek met enthousiasme wordt ontvangen.\" \/>\n<meta name=\"twitter:image\" content=\"https:\/\/koenwilgehof.nl\/wp-content\/uploads\/2023\/06\/c7c1bdad-b437-45ea-88e3-707488edaaca.webp\" \/>\n<meta name=\"twitter:site\" content=\"@koenwilgehof\" \/>\n<meta name=\"twitter:label1\" content=\"Gesch\u00e4tzte Lesezeit\" \/>\n\t<meta name=\"twitter:data1\" content=\"1\u00a0Minute\" \/>\n<script type=\"application\/ld+json\" class=\"yoast-schema-graph\">{\"@context\":\"https:\\\/\\\/schema.org\",\"@graph\":[{\"@type\":\"WebPage\",\"@id\":\"https:\\\/\\\/koenwilgehof.nl\\\/\",\"url\":\"https:\\\/\\\/koenwilgehof.nl\\\/\",\"name\":\"home\",\"isPartOf\":{\"@id\":\"https:\\\/\\\/koenwilgehof.nl\\\/#website\"},\"primaryImageOfPage\":{\"@id\":\"https:\\\/\\\/koenwilgehof.nl\\\/#primaryimage\"},\"image\":{\"@id\":\"https:\\\/\\\/koenwilgehof.nl\\\/#primaryimage\"},\"thumbnailUrl\":\"https:\\\/\\\/koenwilgehof.nl\\\/wp-content\\\/uploads\\\/2023\\\/06\\\/c7c1bdad-b437-45ea-88e3-707488edaaca.webp\",\"datePublished\":\"2019-07-29T04:20:43+00:00\",\"dateModified\":\"2025-05-05T13:33:01+00:00\",\"description\":\"Koen Wilgehof-Sodaar is een kunstenaar uit Nederland wiens werk is opgenomen in zowel bedrijfs- als particuliere collecties en door een breed publiek met enthousiasme wordt ontvangen.\",\"breadcrumb\":{\"@id\":\"https:\\\/\\\/koenwilgehof.nl\\\/#breadcrumb\"},\"inLanguage\":\"de\",\"potentialAction\":[{\"@type\":\"ReadAction\",\"target\":[\"https:\\\/\\\/koenwilgehof.nl\\\/\"]}]},{\"@type\":\"ImageObject\",\"inLanguage\":\"de\",\"@id\":\"https:\\\/\\\/koenwilgehof.nl\\\/#primaryimage\",\"url\":\"https:\\\/\\\/koenwilgehof.nl\\\/wp-content\\\/uploads\\\/2023\\\/06\\\/c7c1bdad-b437-45ea-88e3-707488edaaca.webp\",\"contentUrl\":\"https:\\\/\\\/koenwilgehof.nl\\\/wp-content\\\/uploads\\\/2023\\\/06\\\/c7c1bdad-b437-45ea-88e3-707488edaaca.webp\",\"width\":1600,\"height\":1066},{\"@type\":\"BreadcrumbList\",\"@id\":\"https:\\\/\\\/koenwilgehof.nl\\\/#breadcrumb\",\"itemListElement\":[{\"@type\":\"ListItem\",\"position\":1,\"name\":\"Home\",\"item\":\"https:\\\/\\\/koenwilgehof.nl\\\/\"},{\"@type\":\"ListItem\",\"position\":2,\"name\":\"home\"}]},{\"@type\":\"WebSite\",\"@id\":\"https:\\\/\\\/koenwilgehof.nl\\\/#website\",\"url\":\"https:\\\/\\\/koenwilgehof.nl\\\/\",\"name\":\"koenwilgehof.nl\",\"description\":\"beeldend kunstenaar - contemporary artist\",\"publisher\":{\"@id\":\"https:\\\/\\\/koenwilgehof.nl\\\/#organization\"},\"potentialAction\":[{\"@type\":\"SearchAction\",\"target\":{\"@type\":\"EntryPoint\",\"urlTemplate\":\"https:\\\/\\\/koenwilgehof.nl\\\/?s={search_term_string}\"},\"query-input\":{\"@type\":\"PropertyValueSpecification\",\"valueRequired\":true,\"valueName\":\"search_term_string\"}}],\"inLanguage\":\"de\"},{\"@type\":\"Organization\",\"@id\":\"https:\\\/\\\/koenwilgehof.nl\\\/#organization\",\"name\":\"Koen Wilgehof-Sodaar\",\"url\":\"https:\\\/\\\/koenwilgehof.nl\\\/\",\"logo\":{\"@type\":\"ImageObject\",\"inLanguage\":\"de\",\"@id\":\"https:\\\/\\\/koenwilgehof.nl\\\/#\\\/schema\\\/logo\\\/image\\\/\",\"url\":\"https:\\\/\\\/koenwilgehof.nl\\\/wp-content\\\/uploads\\\/2020\\\/05\\\/koen-naambeeld.png\",\"contentUrl\":\"https:\\\/\\\/koenwilgehof.nl\\\/wp-content\\\/uploads\\\/2020\\\/05\\\/koen-naambeeld.png\",\"width\":472,\"height\":50,\"caption\":\"Koen Wilgehof-Sodaar\"},\"image\":{\"@id\":\"https:\\\/\\\/koenwilgehof.nl\\\/#\\\/schema\\\/logo\\\/image\\\/\"},\"sameAs\":[\"https:\\\/\\\/www.facebook.com\\\/koenwilgehofart\",\"https:\\\/\\\/x.com\\\/koenwilgehof\",\"https:\\\/\\\/www.instagram.com\\\/koenwilgehof\\\/\",\"https:\\\/\\\/www.linkedin.com\\\/in\\\/koenwilgehof\\\/\"]}]}<\/script>\n<!-- \/ Yoast SEO plugin. -->","yoast_head_json":{"title":"Startseite","description":"Koen Wilgehof-Sodaar ist ein niederl\u00e4ndischer K\u00fcnstler, dessen Werke sowohl in Firmen- als auch in Privatsammlungen zu finden sind und von einem breiten Publikum mit Begeisterung aufgenommen werden.","robots":{"index":"index","follow":"follow","max-snippet":"max-snippet:-1","max-image-preview":"max-image-preview:large","max-video-preview":"max-video-preview:-1"},"canonical":"https:\/\/koenwilgehof.nl\/de\/","og_locale":"de_DE","og_type":"article","og_title":"Koen Wilgehof-Sodaar","og_description":"Koen Wilgehof-Sodaar is een kunstenaar uit Nederland wiens werk is opgenomen in zowel bedrijfs- als particuliere collecties en door een breed publiek met enthousiasme wordt ontvangen.","og_url":"https:\/\/koenwilgehof.nl\/de\/","og_site_name":"Koen Wilgehof-Sodaar","article_publisher":"https:\/\/www.facebook.com\/koenwilgehofart","article_modified_time":"2025-05-05T13:33:01+00:00","og_image":[{"width":1600,"height":1066,"url":"https:\/\/koenwilgehof.nl\/wp-content\/uploads\/2023\/06\/c7c1bdad-b437-45ea-88e3-707488edaaca.webp","type":"image\/webp"}],"twitter_card":"summary_large_image","twitter_title":"Koen Wilgehof-Sodaar","twitter_description":"Koen Wilgehof-Sodaar is een kunstenaar uit Nederland wiens werk is opgenomen in zowel bedrijfs- als particuliere collecties en door een breed publiek met enthousiasme wordt ontvangen.","twitter_image":"https:\/\/koenwilgehof.nl\/wp-content\/uploads\/2023\/06\/c7c1bdad-b437-45ea-88e3-707488edaaca.webp","twitter_site":"@koenwilgehof","twitter_misc":{"Gesch\u00e4tzte Lesezeit":"1\u00a0Minute"},"schema":{"@context":"https:\/\/schema.org","@graph":[{"@type":"WebPage","@id":"https:\/\/koenwilgehof.nl\/","url":"https:\/\/koenwilgehof.nl\/","name":"Startseite","isPartOf":{"@id":"https:\/\/koenwilgehof.nl\/#website"},"primaryImageOfPage":{"@id":"https:\/\/koenwilgehof.nl\/#primaryimage"},"image":{"@id":"https:\/\/koenwilgehof.nl\/#primaryimage"},"thumbnailUrl":"https:\/\/koenwilgehof.nl\/wp-content\/uploads\/2023\/06\/c7c1bdad-b437-45ea-88e3-707488edaaca.webp","datePublished":"2019-07-29T04:20:43+00:00","dateModified":"2025-05-05T13:33:01+00:00","description":"Koen Wilgehof-Sodaar ist ein niederl\u00e4ndischer K\u00fcnstler, dessen Werke sowohl in Firmen- als auch in Privatsammlungen zu finden sind und von einem breiten Publikum mit Begeisterung aufgenommen werden.","breadcrumb":{"@id":"https:\/\/koenwilgehof.nl\/#breadcrumb"},"inLanguage":"de","potentialAction":[{"@type":"ReadAction","target":["https:\/\/koenwilgehof.nl\/"]}]},{"@type":"ImageObject","inLanguage":"de","@id":"https:\/\/koenwilgehof.nl\/#primaryimage","url":"https:\/\/koenwilgehof.nl\/wp-content\/uploads\/2023\/06\/c7c1bdad-b437-45ea-88e3-707488edaaca.webp","contentUrl":"https:\/\/koenwilgehof.nl\/wp-content\/uploads\/2023\/06\/c7c1bdad-b437-45ea-88e3-707488edaaca.webp","width":1600,"height":1066},{"@type":"BreadcrumbList","@id":"https:\/\/koenwilgehof.nl\/#breadcrumb","itemListElement":[{"@type":"ListItem","position":1,"name":"Home","item":"https:\/\/koenwilgehof.nl\/"},{"@type":"ListItem","position":2,"name":"home"}]},{"@type":"WebSite","@id":"https:\/\/koenwilgehof.nl\/#website","url":"https:\/\/koenwilgehof.nl\/","name":"koenwilgehof.co.uk","description":"bildender K\u00fcnstler - zeitgen\u00f6ssischer K\u00fcnstler","publisher":{"@id":"https:\/\/koenwilgehof.nl\/#organization"},"potentialAction":[{"@type":"SearchAction","target":{"@type":"EntryPoint","urlTemplate":"https:\/\/koenwilgehof.nl\/?s={search_term_string}"},"query-input":{"@type":"PropertyValueSpecification","valueRequired":true,"valueName":"search_term_string"}}],"inLanguage":"de"},{"@type":"Organization","@id":"https:\/\/koenwilgehof.nl\/#organization","name":"Koen Wilgehof-Sodaar","url":"https:\/\/koenwilgehof.nl\/","logo":{"@type":"ImageObject","inLanguage":"de","@id":"https:\/\/koenwilgehof.nl\/#\/schema\/logo\/image\/","url":"https:\/\/koenwilgehof.nl\/wp-content\/uploads\/2020\/05\/koen-naambeeld.png","contentUrl":"https:\/\/koenwilgehof.nl\/wp-content\/uploads\/2020\/05\/koen-naambeeld.png","width":472,"height":50,"caption":"Koen Wilgehof-Sodaar"},"image":{"@id":"https:\/\/koenwilgehof.nl\/#\/schema\/logo\/image\/"},"sameAs":["https:\/\/www.facebook.com\/koenwilgehofart","https:\/\/x.com\/koenwilgehof","https:\/\/www.instagram.com\/koenwilgehof\/","https:\/\/www.linkedin.com\/in\/koenwilgehof\/"]}]}},"_links":{"self":[{"href":"https:\/\/koenwilgehof.nl\/de\/wp-json\/wp\/v2\/pages\/9","targetHints":{"allow":["GET"]}}],"collection":[{"href":"https:\/\/koenwilgehof.nl\/de\/wp-json\/wp\/v2\/pages"}],"about":[{"href":"https:\/\/koenwilgehof.nl\/de\/wp-json\/wp\/v2\/types\/page"}],"author":[{"embeddable":true,"href":"https:\/\/koenwilgehof.nl\/de\/wp-json\/wp\/v2\/users\/1"}],"replies":[{"embeddable":true,"href":"https:\/\/koenwilgehof.nl\/de\/wp-json\/wp\/v2\/comments?post=9"}],"version-history":[{"count":3,"href":"https:\/\/koenwilgehof.nl\/de\/wp-json\/wp\/v2\/pages\/9\/revisions"}],"predecessor-version":[{"id":4147,"href":"https:\/\/koenwilgehof.nl\/de\/wp-json\/wp\/v2\/pages\/9\/revisions\/4147"}],"wp:featuredmedia":[{"embeddable":true,"href":"https:\/\/koenwilgehof.nl\/de\/wp-json\/wp\/v2\/media\/2133"}],"wp:attachment":[{"href":"https:\/\/koenwilgehof.nl\/de\/wp-json\/wp\/v2\/media?parent=9"}],"curies":[{"name":"wp","href":"https:\/\/api.w.org\/{rel}","templated":true}]}}